{"id":936,"date":"2010-12-29T18:41:33","date_gmt":"2010-12-29T16:41:33","guid":{"rendered":"http:\/\/www.envoiedugros.fr\/wordpress\/?page_id=936"},"modified":"2012-09-27T17:05:32","modified_gmt":"2012-09-27T15:05:32","slug":"articles-de-presse","status":"publish","type":"page","link":"http:\/\/www.envoiedugros.fr\/wordpress\/media\/articles-de-presse","title":{"rendered":"Articles de presse"},"content":{"rendered":"<p style=\"text-align: center;\">Voici quelques unes de nos parutions dans la presse \u00e9crite et t\u00e9l\u00e9vis\u00e9e<\/p>\n<h2 style=\"text-align: center;\">\u00a0Auto Plus :<\/h2>\n<p style=\"text-align: center;\"><a href=\"http:\/\/www.envoiedugros.fr\/wordpress\/wp-content\/uploads\/autocollant-plaque-immatriculation-savoie.jpg\"><img loading=\"lazy\" decoding=\"async\" class=\"aligncenter  wp-image-2802\" title=\"autocollant-plaque-immatriculation-savoie\" src=\"http:\/\/www.envoiedugros.fr\/wordpress\/wp-content\/uploads\/autocollant-plaque-immatriculation-savoie.jpg\" alt=\"\" width=\"344\" height=\"424\" \/><\/a><\/p>\n<h2 style=\"text-align: center;\"><\/h2>\n<h2 style=\"text-align: center;\">Alpes Loisirs :<\/h2>\n<p style=\"text-align: center;\"><a href=\"http:\/\/www.envoiedugros.fr\/wordpress\/wp-content\/uploads\/2009\/12\/article_alpes_loisirs_V2.jpg\"><img loading=\"lazy\" decoding=\"async\" class=\"aligncenter size-full wp-image-257\" title=\"article_envoiedugros_alpes_loisirs\" src=\"http:\/\/www.envoiedugros.fr\/wordpress\/wp-content\/uploads\/2009\/12\/article_alpes_loisirs_V2.jpg\" alt=\"\" width=\"600\" height=\"774\" srcset=\"http:\/\/www.envoiedugros.fr\/wordpress\/wp-content\/uploads\/2009\/12\/article_alpes_loisirs_V2.jpg 600w, http:\/\/www.envoiedugros.fr\/wordpress\/wp-content\/uploads\/2009\/12\/article_alpes_loisirs_V2-232x300.jpg 232w\" sizes=\"auto, (max-width: 600px) 100vw, 600px\" \/><\/a><\/p>\n<h2 style=\"text-align: center;\">G\u00e9o Magazine :<\/h2>\n<p style=\"text-align: center;\"><img decoding=\"async\" src=\"..\/..\/images\/presse\/geo_magazinev2.jpg\" alt=\"Image\" \/><\/p>\n<h2 style=\"text-align: center;\">Le dauphin\u00e9 lib\u00e9r\u00e9 (mars 2011) :<\/h2>\n<p><a href=\"http:\/\/www.envoiedugros.fr\/wordpress\/wp-content\/uploads\/2010\/12\/Article-dauphin\u00e9-mars-20112.png\"><img loading=\"lazy\" decoding=\"async\" class=\"aligncenter size-full wp-image-1542\" title=\"Article dauphin\u00e9  mars 2011\" src=\"http:\/\/www.envoiedugros.fr\/wordpress\/wp-content\/uploads\/2010\/12\/Article-dauphin\u00e9-mars-20112.png\" alt=\"\" width=\"748\" height=\"254\" srcset=\"http:\/\/www.envoiedugros.fr\/wordpress\/wp-content\/uploads\/2010\/12\/Article-dauphin\u00e9-mars-20112.png 1246w, http:\/\/www.envoiedugros.fr\/wordpress\/wp-content\/uploads\/2010\/12\/Article-dauphin\u00e9-mars-20112-300x102.png 300w, http:\/\/www.envoiedugros.fr\/wordpress\/wp-content\/uploads\/2010\/12\/Article-dauphin\u00e9-mars-20112-1024x348.png 1024w\" sizes=\"auto, (max-width: 748px) 100vw, 748px\" \/><\/a><\/p>\n<h2 style=\"text-align: center;\">Arvi News :<\/h2>\n<p style=\"text-align: center;\"><img decoding=\"async\" src=\"..\/..\/images\/presse\/arvi_news_v2.jpg\" alt=\"Image\" \/><br \/>\n<img loading=\"lazy\" decoding=\"async\" src=\"..\/..\/images\/presse\/arvi_news_v1.jpg\" alt=\"Image\" width=\"197\" height=\"508\" \/><\/p>\n<h2 style=\"text-align: center;\">Le Dauphin\u00e9 lib\u00e9r\u00e9 :<\/h2>\n<p style=\"text-align: center;\"><img decoding=\"async\" src=\"..\/..\/images\/presse\/article-edg-dauphine_15-08-2009.jpg\" alt=\"Image\" \/><\/p>\n<p>&nbsp;<\/p>\n<h2 style=\"text-align: center;\">Les Sales blague de l&rsquo;\u00e9cho :<img decoding=\"async\" class=\"aligncenter\" src=\"..\/..\/images\/presse\/sale_blague_echo.jpg\" alt=\"Image\" \/><\/h2>\n<p>&nbsp;<\/p>\n<h2 style=\"text-align: center;\">La Voix des Allobroges :<\/h2>\n<p style=\"text-align: center;\"><img decoding=\"async\" src=\"..\/..\/images\/presse\/interview_LVA.jpg\" alt=\"Image\" \/><br \/>\n<img loading=\"lazy\" decoding=\"async\" src=\"..\/..\/images\/presse\/article_fiche_edvige_v2.jpg\" alt=\"Image\" width=\"867\" height=\"256\" \/><\/p>\n<h2 style=\"text-align: center;\">Chronique d&rsquo;en Haut sur France 3 :<\/h2>\n<p style=\"text-align: center;\"><object width=\"480\" height=\"385\" classid=\"clsid:d27cdb6e-ae6d-11cf-96b8-444553540000\" codebase=\"http:\/\/download.macromedia.com\/pub\/shockwave\/cabs\/flash\/swflash.cab#version=6,0,40,0\"><param name=\"allowFullScreen\" value=\"true\" \/><param name=\"allowscriptaccess\" value=\"always\" \/><param name=\"src\" value=\"http:\/\/www.youtube.com\/v\/a8-o1zaPp04?fs=1&amp;hl=fr_FR\" \/><param name=\"allowfullscreen\" value=\"true\" \/><embed width=\"480\" height=\"385\" type=\"application\/x-shockwave-flash\" src=\"http:\/\/www.youtube.com\/v\/a8-o1zaPp04?fs=1&amp;hl=fr_FR\" allowFullScreen=\"true\" allowscriptaccess=\"always\" allowfullscreen=\"true\" \/><\/object><\/p>\n","protected":false},"excerpt":{"rendered":"<p>Voici quelques unes de nos parutions dans la presse \u00e9crite et t\u00e9l\u00e9vis\u00e9e \u00a0Auto Plus : Alpes Loisirs : G\u00e9o Magazine : Le dauphin\u00e9 lib\u00e9r\u00e9 (mars 2011) : Arvi News : Le Dauphin\u00e9 lib\u00e9r\u00e9 : &nbsp; Les Sales blague de l&rsquo;\u00e9cho : &nbsp; La Voix des Allobroges : Chronique d&rsquo;en Haut sur France 3 :<\/p>\n","protected":false},"author":2,"featured_media":0,"parent":545,"menu_order":3,"comment_status":"open","ping_status":"closed","template":"","meta":{"footnotes":""},"class_list":["post-936","page","type-page","status-publish","hentry"],"_links":{"self":[{"href":"http:\/\/www.envoiedugros.fr\/wordpress\/wp-json\/wp\/v2\/pages\/936","targetHints":{"allow":["GET"]}}],"collection":[{"href":"http:\/\/www.envoiedugros.fr\/wordpress\/wp-json\/wp\/v2\/pages"}],"about":[{"href":"http:\/\/www.envoiedugros.fr\/wordpress\/wp-json\/wp\/v2\/types\/page"}],"author":[{"embeddable":true,"href":"http:\/\/www.envoiedugros.fr\/wordpress\/wp-json\/wp\/v2\/users\/2"}],"replies":[{"embeddable":true,"href":"http:\/\/www.envoiedugros.fr\/wordpress\/wp-json\/wp\/v2\/comments?post=936"}],"version-history":[{"count":0,"href":"http:\/\/www.envoiedugros.fr\/wordpress\/wp-json\/wp\/v2\/pages\/936\/revisions"}],"up":[{"embeddable":true,"href":"http:\/\/www.envoiedugros.fr\/wordpress\/wp-json\/wp\/v2\/pages\/545"}],"wp:attachment":[{"href":"http:\/\/www.envoiedugros.fr\/wordpress\/wp-json\/wp\/v2\/media?parent=936"}],"curies":[{"name":"wp","href":"https:\/\/api.w.org\/{rel}","templated":true}]}}