{"id":502,"date":"2010-07-01T11:31:40","date_gmt":"2010-07-01T09:31:40","guid":{"rendered":"http:\/\/www.envoiedugros.fr\/wordpress\/?page_id=502"},"modified":"2013-05-27T16:41:00","modified_gmt":"2013-05-27T14:41:00","slug":"goodies","status":"publish","type":"page","link":"http:\/\/www.envoiedugros.fr\/wordpress\/media\/goodies","title":{"rendered":"Goodies"},"content":{"rendered":"<p style=\"text-align: center;\">[add_voting]<\/p>\n<p style=\"text-align: center;\">Voici un petit jeu vid\u00e9o pour PC o\u00f9 le but est d&rsquo;\u00e9viter les monchus qui sont bourr\u00e9s au beaujolais. A vous de jouer !<\/p>\n<p><a href=\"http:\/\/www.envoiedugros.fr\/Flash\/Ski2004.exe\" target=\"_blank\"><img loading=\"lazy\" decoding=\"async\" class=\"aligncenter\" title=\"jeu ski savoie\" alt=\"\" src=\"http:\/\/www.envoiedugros.fr\/images\/jeu_ski.jpg\" width=\"266\" height=\"202\" \/><\/a><\/p>\n<p>&nbsp;<\/p>\n<p>[\/add_voting]<\/p>\n<p>[contact-form-7 id=\u00a0\u00bb3180&Prime; title=\u00a0\u00bbFormulaire de contact 1_copy\u00a0\u00bb]<\/p>\n","protected":false},"excerpt":{"rendered":"<p>[add_voting] Voici un petit jeu vid\u00e9o pour PC o\u00f9 le but est d&rsquo;\u00e9viter les monchus qui sont bourr\u00e9s au beaujolais. A vous de jouer ! &nbsp; [\/add_voting] [contact-form-7 id=\u00a0\u00bb3180&Prime; title=\u00a0\u00bbFormulaire de contact 1_copy\u00a0\u00bb]<\/p>\n","protected":false},"author":2,"featured_media":0,"parent":545,"menu_order":3,"comment_status":"closed","ping_status":"closed","template":"","meta":{"footnotes":""},"class_list":["post-502","page","type-page","status-publish","hentry"],"_links":{"self":[{"href":"http:\/\/www.envoiedugros.fr\/wordpress\/wp-json\/wp\/v2\/pages\/502","targetHints":{"allow":["GET"]}}],"collection":[{"href":"http:\/\/www.envoiedugros.fr\/wordpress\/wp-json\/wp\/v2\/pages"}],"about":[{"href":"http:\/\/www.envoiedugros.fr\/wordpress\/wp-json\/wp\/v2\/types\/page"}],"author":[{"embeddable":true,"href":"http:\/\/www.envoiedugros.fr\/wordpress\/wp-json\/wp\/v2\/users\/2"}],"replies":[{"embeddable":true,"href":"http:\/\/www.envoiedugros.fr\/wordpress\/wp-json\/wp\/v2\/comments?post=502"}],"version-history":[{"count":12,"href":"http:\/\/www.envoiedugros.fr\/wordpress\/wp-json\/wp\/v2\/pages\/502\/revisions"}],"predecessor-version":[{"id":3181,"href":"http:\/\/www.envoiedugros.fr\/wordpress\/wp-json\/wp\/v2\/pages\/502\/revisions\/3181"}],"up":[{"embeddable":true,"href":"http:\/\/www.envoiedugros.fr\/wordpress\/wp-json\/wp\/v2\/pages\/545"}],"wp:attachment":[{"href":"http:\/\/www.envoiedugros.fr\/wordpress\/wp-json\/wp\/v2\/media?parent=502"}],"curies":[{"name":"wp","href":"https:\/\/api.w.org\/{rel}","templated":true}]}}