{"id":496,"date":"2010-07-01T11:29:54","date_gmt":"2010-07-01T09:29:54","guid":{"rendered":"http:\/\/www.envoiedugros.fr\/wordpress\/?page_id=496"},"modified":"2020-04-09T14:59:48","modified_gmt":"2020-04-09T12:59:48","slug":"patois-savoyard","status":"publish","type":"page","link":"http:\/\/www.envoiedugros.fr\/wordpress\/traditions\/patois-savoyard","title":{"rendered":"Le patois savoyard"},"content":{"rendered":"<p>Voici une petite page qui vous permettra de mieux connaitre le langage des savoyards (patois, expressions et syntaxe sp\u00e9cifique). En bas de la page, vous pouvez t\u00e9l\u00e9charger un dictionnaire de patois savoyard et franco-proven\u00e7al. N&rsquo;h\u00e9sitez pas \u00e0 me faire parvenir des expressions bien de chez vous.<\/p>\n<p><strong>Premi\u00e8re le\u00e7on :<\/strong> placez des \u00ab\u00a0y\u00a0\u00bb de partout.<br \/>\n<span style=\"text-decoration: underline;\">Exemple<\/span> : Faut y faire ; Y neige ; Ca va t&rsquo;y? ; Qu\u00e9 t&rsquo;y dit?<br \/>\nJe pense qu&rsquo;il faut plus de 2 ans d&rsquo;entrainement intensif pour le maitriser car apr\u00e8s avoir pass\u00e9 2 ans \u00e0 Paris je m&rsquo;y suis toujours pas fait \u00e0 ne pas en mettre. Donc \u00e7a doit \u00eatre pareil dans l&rsquo;autre sens.<\/p>\n<p><strong>Deuxi\u00e8me le\u00e7on :<\/strong> finir ses questions par \u00ab\u00a0ou bien?\u00a0\u00bb<br \/>\n<span style=\"text-decoration: underline;\">Exemple<\/span> : On fait les diots au vin blanc ou bien? ; On boit la goutte ou bien?<\/p>\n<p><strong>Troisi\u00e8me le\u00e7on :<\/strong> remplacer \u00ab\u00a0encore\u00a0\u00bb par \u00ab\u00a0m\u00e9\u00a0\u00bb<br \/>\n<span style=\"text-decoration: underline;\">Exemple<\/span> : T&rsquo;as m\u00e9 fait la rioule toute la nuit ! ; T&rsquo;es m\u00e9 rentr\u00e9 \u00e0 point d&rsquo;heure !<\/p>\n<p><strong>Quatri\u00e8me le\u00e7on :<\/strong> la plupart du temps, ne pas prononcer le \u00ab\u00a0az\u00a0\u00bb \u00e0 la fin d&rsquo;un mot (az=e) et surtotu jamais le \u00ab\u00a0z\u00a0\u00bb ne jamais prononcer le<br \/>\n<span style=\"text-decoration: underline;\">Exemple<\/span> : La Giettaz ; le col de la Forclaz<\/p>\n<p><strong>Le patois savoyard incontournable:<br \/>\n<\/strong>si y&rsquo;a quatre mots de patois \u00e0 connaitre, c&rsquo;est ceux l\u00e0 :<\/p>\n<p><span style=\"text-decoration: underline;\">A&rsquo;rvi p\u00e2<\/span> : au revoir<br \/>\n<span style=\"text-decoration: underline;\">Gran maci<\/span> : merci<br \/>\n<span style=\"text-decoration: underline;\">La Yaute<\/span> : la Haute-savoie<br \/>\n<span style=\"text-decoration: underline;\">Un monchu<\/span> : un touriste ridicule. En patois savoyard, monchu signifie\u00a0\u00bbmonsieur\u00a0\u00bb. C&rsquo;est ainsi que les montagnards du si\u00e8cle dernier surnommaient les riches parisiens qui venaient prendre l\u2019air en altitude.<\/p>\n<p>Exemple de monchus :<br \/>\nle monchu qui porte ses skis avec les spatules \u00e0 l&rsquo;arri\u00e8re,<br \/>\nle monchu qui mange une fondue en plein \u00e9t\u00e9 alors qu&rsquo;il fait 30\u00b0C \u00e0 l&rsquo;ombre,<br \/>\nle monchu qui skie en jean avec une veste aux couleurs fluorescentes,<br \/>\nle monchu qui va dans les bars en combinaison avec le forfait et les monn boots<br \/>\n&#8230; et beaucoup d&rsquo;autres qu&rsquo;on d\u00e9couvrent chaque hiver.<\/p>\n<p>Contrairement aux dahus, ils ne sont pas en voie d&rsquo;extinction.<br \/>\nLa meilleure p\u00e9riode pour observer le monchu de comp\u00e9tition est le mois de f\u00e9vrier.<br \/>\nN&rsquo;h\u00e9sitez pas \u00e0 m&rsquo;envoyer des photos de monchus en action. Gran maci d&rsquo;avance.<\/p>\n<p><strong>Le patois savoyard couramment utilis\u00e9:<\/strong> (patois haut-savoyard des Aravis)<br \/>\n<span style=\"text-decoration: underline;\">Adieu (ou bonzhor)<\/span>: bonjour<br \/>\n<span style=\"text-decoration: underline;\">Coffe<\/span> : sale, plein de t\u00e2che<span style=\"text-decoration: underline;\"><br \/>\nGnaniou<\/span> : simple d&rsquo;esprit<br \/>\n<span style=\"text-decoration: underline;\">La balme <\/span>: la grotte<br \/>\n<span style=\"text-decoration: underline;\">La rioule<\/span> : la f\u00eate (faire la rioule)<br \/>\n<span style=\"text-decoration: underline;\">L&rsquo;aulp<\/span> : l&rsquo;alpage<br \/>\n<span style=\"text-decoration: underline;\">Le galta<\/span> : le grenier<br \/>\n<span style=\"text-decoration: underline;\">Les praz <\/span>: les pr\u00e9s<span style=\"text-decoration: underline;\"><br \/>\nUn branzin<\/span> : une marmitte<br \/>\n<span style=\"text-decoration: underline;\">Un d\u00e9capadiot<\/span> : une personne de grande taille peu agile mais suffisamment grande pour d\u00e9crocher les diots pendus au plafond<span style=\"text-decoration: underline;\"><br \/>\nUn matafan<\/span> : un mate la faim (beignet de pomme de terre)<span style=\"text-decoration: underline;\"><br \/>\nUn mazot<\/span> : un petit chalet o\u00f9 l&rsquo;on mettait les choses pr\u00e9cieuses afin de les pr\u00e9server d&rsquo;un \u00e9ventuel incendie du chalet principal.<span style=\"text-decoration: underline;\"><br \/>\nUn sap\u00e9<\/span> : un chapeau<span style=\"text-decoration: underline;\"><br \/>\nUne forclaz <\/span>: une fourchette<span style=\"text-decoration: underline;\"><br \/>\nUne gouappe <\/span>: un pilier de bar, un gros buveur<br \/>\n<span style=\"text-decoration: underline;\">Une panosse<\/span> : une serpill\u00e8re <span style=\"text-decoration: underline;\"><br \/>\nUne snaille<\/span> : une cloche<br \/>\n<span style=\"text-decoration: underline;\">Une sniule<\/span> : une personne fain\u00e9ante, pas tr\u00e8s active <span style=\"text-decoration: underline;\"><br \/>\nUne tartifle<\/span> : une pomme de terre<br \/>\n<span style=\"text-decoration: underline;\">Snailler<\/span> : secouer<\/p>\n<p><strong>Les expressions savoyardes : <\/strong><br \/>\n<span style=\"text-decoration: underline;\">Elle a vu p\u00e9ter le loup sur la pierre en bois<\/span> : se dit d&rsquo;une fille d\u00e9vergond\u00e9e<br \/>\n<span style=\"text-decoration: underline;\">Il a mouill\u00e9 la meule<\/span> : il a bu comme un trou<br \/>\n<span style=\"text-decoration: underline;\">Faire de g\u00f4gnes<\/span>: faire des mani\u00e8res, le difficile<br \/>\n<span style=\"text-decoration: underline;\">Vint diou, vinzou<\/span> : mince<br \/>\n<span style=\"text-decoration: underline;\">Br\u00fbler la paille au cul <\/span>: faire partir quelqu&rsquo;un de la mani\u00e8re forte (ex: on leur a br\u00fbler la paille au cul \u00e0 ces deux gaillards)<br \/>\n<span style=\"text-decoration: underline;\">Mettre le diot au chaud<\/span> : &#8230;<br \/>\n<span style=\"text-decoration: underline;\">T&rsquo;as combien de t\u00eates ?<\/span> : de quelle taille est ton exploitation bovine\/ovine?<\/p>\n<p><strong>Les mots fran\u00e7ais issus du patois savoyard<\/strong>:<br \/>\n<span style=\"text-decoration: underline;\">Un diot<\/span> : une saucisse savoyarde<br \/>\n<span style=\"text-decoration: underline;\">La polenta<\/span> : semoule de ma\u00efs<br \/>\n<span style=\"text-decoration: underline;\">Les crozets <\/span>: petites p\u00e2tes carr\u00e9es, souvent au sarrasin<br \/>\n<span style=\"text-decoration: underline;\">Une chanterelle<\/span> : une girolle<br \/>\n<span style=\"text-decoration: underline;\">Un reblochon<\/span> : vient du verbe reblocher (traire une deuxi\u00e8me fois)<br \/>\n<span style=\"text-decoration: underline;\">Un virolet<\/span> : un petit virage serr\u00e9 en montagne<br \/>\n<script async src=\"\/\/pagead2.googlesyndication.com\/pagead\/js\/adsbygoogle.js\"><\/script><br \/>\n<ins class=\"adsbygoogle\" style=\"display: block; text-align: center;\" data-ad-layout=\"in-article\" data-ad-format=\"fluid\" data-ad-client=\"ca-pub-8861423944451533\" data-ad-slot=\"1301412883\"><\/ins><br \/>\n<script>\n     (adsbygoogle = window.adsbygoogle || []).push({});\n<\/script><\/p>\n<p><strong>Les expressions typiques:<br \/>\n<\/strong>En Savoie on a pas de p\u00e9trole, mais on a des diots !<br \/>\nQui boit la gnole casse la bagnole !<br \/>\nPas d&rsquo;\u00e9paule, pas de gnole !<br \/>\nFaut pas nous chier dans les bottes !<span style=\"text-decoration: underline;\"><br \/>\n<\/span>Si quand y neige t&rsquo;as trop chaud, c&rsquo;est s\u00fbr, t&rsquo;es encore \u00e0 l&rsquo;ap\u00e9ro\u00a0!<br \/>\nEn Savoie on n&rsquo;a pas de mazout, mais on a des rioutes\u00a0!<br \/>\nSi tu manges trop de crozets, t&rsquo;auras du mal \u00e0 aller au cabinet\u00a0!<br \/>\nSi par beau temps tu vois pas le Mont Blanc, c&rsquo;est que t&rsquo;as trop bu de blanc\u00a0!<\/p>\n<p style=\"text-align: center;\"><strong><span style=\"font-family: times new roman,times; font-size: medium;\">Dictionnaire<br \/>\nfran\u00e7ais &#8211; patois savoyard :<br \/>\n<a href=\"http:\/\/www.envoiedugros.fr\/pdf\/dico-francais-savoyard-envoiedugros.pdf\" target=\"_blank\" rel=\"noopener noreferrer\"><img loading=\"lazy\" decoding=\"async\" class=\"aligncenter size-thumbnail wp-image-1384\" title=\"dico patois savoyard pdf\" src=\"http:\/\/www.envoiedugros.fr\/wordpress\/wp-content\/uploads\/2010\/07\/PDF_logo-150x150.png\" alt=\"dico patois savoyard pdf\" width=\"100\" height=\"100\" srcset=\"http:\/\/www.envoiedugros.fr\/wordpress\/wp-content\/uploads\/2010\/07\/PDF_logo-150x150.png 150w, http:\/\/www.envoiedugros.fr\/wordpress\/wp-content\/uploads\/2010\/07\/PDF_logo.png 256w\" sizes=\"auto, (max-width: 100px) 100vw, 100px\" \/><\/a><br \/>\n<\/span><\/strong><\/p>\n<p style=\"text-align: center;\"><strong>Dictionnaire<br \/>\npatois savoyard &#8211; <\/strong><strong>fran\u00e7ais <\/strong><strong>:<br \/>\n<a href=\"http:\/\/www.envoiedugros.fr\/pdf\/dico_savoyard-francais_envoiedugros.pdf\" target=\"_blank\" rel=\"noopener noreferrer\"><img loading=\"lazy\" decoding=\"async\" class=\"aligncenter size-thumbnail wp-image-1384\" title=\"dico patois savoyard pdf\" src=\"http:\/\/www.envoiedugros.fr\/wordpress\/wp-content\/uploads\/2010\/07\/PDF_logo-150x150.png\" alt=\"dico patois savoyard pdf\" width=\"100\" height=\"100\" srcset=\"http:\/\/www.envoiedugros.fr\/wordpress\/wp-content\/uploads\/2010\/07\/PDF_logo-150x150.png 150w, http:\/\/www.envoiedugros.fr\/wordpress\/wp-content\/uploads\/2010\/07\/PDF_logo.png 256w\" sizes=\"auto, (max-width: 100px) 100vw, 100px\" \/><\/a><br \/>\n<\/strong><\/p>\n<p style=\"text-align: center;\"><script type=\"text\/javascript\">\/\/ <![CDATA[ google_ad_client = \"ca-pub-2229385480837634\"; \/* page *\/ google_ad_slot = \"8450078642\"; google_ad_width = 468; google_ad_height = 60; \/\/ ]]><\/script><br \/>\n<iframe loading=\"lazy\" src=\"https:\/\/rcm-eu.amazon-adsystem.com\/e\/cm?o=8&#038;p=48&#038;l=ur1&#038;category=amu&#038;banner=0P9FKZD0V17R31WW9K02&#038;f=ifr&#038;linkID=669f09c7a41c9fbdad4f348d1a8358e6&#038;t=envoiedugros-21&#038;tracking_id=envoiedugros-21\" width=\"728\" height=\"90\" scrolling=\"no\" border=\"0\" marginwidth=\"0\" style=\"border:none;\" frameborder=\"0\"><\/iframe><\/p>\n","protected":false},"excerpt":{"rendered":"<p>Voici une petite page qui vous permettra de mieux connaitre le langage des savoyards (patois, expressions et syntaxe sp\u00e9cifique). En bas de la page, vous pouvez t\u00e9l\u00e9charger un dictionnaire de patois savoyard et franco-proven\u00e7al. N&rsquo;h\u00e9sitez pas \u00e0 me faire parvenir des expressions bien de chez vous. Premi\u00e8re le\u00e7on : placez des \u00ab\u00a0y\u00a0\u00bb de partout. Exemple [&hellip;]<\/p>\n","protected":false},"author":2,"featured_media":0,"parent":880,"menu_order":0,"comment_status":"closed","ping_status":"closed","template":"","meta":{"footnotes":""},"class_list":["post-496","page","type-page","status-publish","hentry"],"_links":{"self":[{"href":"http:\/\/www.envoiedugros.fr\/wordpress\/wp-json\/wp\/v2\/pages\/496","targetHints":{"allow":["GET"]}}],"collection":[{"href":"http:\/\/www.envoiedugros.fr\/wordpress\/wp-json\/wp\/v2\/pages"}],"about":[{"href":"http:\/\/www.envoiedugros.fr\/wordpress\/wp-json\/wp\/v2\/types\/page"}],"author":[{"embeddable":true,"href":"http:\/\/www.envoiedugros.fr\/wordpress\/wp-json\/wp\/v2\/users\/2"}],"replies":[{"embeddable":true,"href":"http:\/\/www.envoiedugros.fr\/wordpress\/wp-json\/wp\/v2\/comments?post=496"}],"version-history":[{"count":4,"href":"http:\/\/www.envoiedugros.fr\/wordpress\/wp-json\/wp\/v2\/pages\/496\/revisions"}],"predecessor-version":[{"id":3939,"href":"http:\/\/www.envoiedugros.fr\/wordpress\/wp-json\/wp\/v2\/pages\/496\/revisions\/3939"}],"up":[{"embeddable":true,"href":"http:\/\/www.envoiedugros.fr\/wordpress\/wp-json\/wp\/v2\/pages\/880"}],"wp:attachment":[{"href":"http:\/\/www.envoiedugros.fr\/wordpress\/wp-json\/wp\/v2\/media?parent=496"}],"curies":[{"name":"wp","href":"https:\/\/api.w.org\/{rel}","templated":true}]}}