{"id":491,"date":"2010-07-01T11:26:40","date_gmt":"2010-07-01T09:26:40","guid":{"rendered":"http:\/\/www.envoiedugros.fr\/wordpress\/?page_id=491"},"modified":"2010-12-30T12:55:34","modified_gmt":"2010-12-30T10:55:34","slug":"dahu","status":"publish","type":"page","link":"http:\/\/www.envoiedugros.fr\/wordpress\/traditions\/dahu","title":{"rendered":"La chasse au dahu"},"content":{"rendered":"<h2 style=\"text-align: center;\">En reconstruction<\/h2>\n<p style=\"text-align: justify;\">\n<p style=\"text-align: justify;\">Cette page web n&rsquo;a pas \u00e9t\u00e9 con\u00e7ue pour promouvoir la chasse du dahu mais juste pour contredire ceux qui nient encore leur existence.<\/p>\n<p style=\"text-align: justify;\"><strong>Qu&rsquo;est ce qu&rsquo;un dahu? <\/strong><br \/>\nLe dahu est un mammif\u00e8re angul\u00e9 artiodactyle ruminant proche du lama et du bouquetin.<br \/>\nOn le reconnait facilement gr\u00e2ce \u00e0 ses deux pattes plus courtes d&rsquo;un c\u00f4t\u00e9 que de l&rsquo;autre.<br \/>\nCette particularit\u00e9 lui permet de parcourir ais\u00e9ment les pentes abruptes. D&rsquo;ailleurs, c&rsquo;est \u00e0 la vision d&rsquo;un dahu que Darwin conclut sa th\u00e9orie sur l&rsquo;\u00e9volution et la s\u00e9lection naturelle des esp\u00e8ces.<\/p>\n<p style=\"text-align: justify;\">\n<p style=\"text-align: justify;\"><strong>Les diff\u00e9rentes esp\u00e8ces de dahus? <\/strong>Contrairement aux livres et sites sur les dahus qui ne montrent que des dessins, voici des photos. Ces photos ont \u00e9t\u00e9 retrouv\u00e9es dans des galtas et des mazos des Aravis.<br \/>\nActuellement, seuls les dahus l\u00e9vogyres sont encore vivants.<\/p>\n<p style=\"text-align: justify;\">Dahu dextrogyre<br \/>\n(Col de la Colombi\u00e8re en 1904)<\/p>\n<p style=\"text-align: justify;\">Dahu ascendus frontalis<br \/>\n(Le Charvin en 1901)<\/p>\n<p style=\"text-align: justify;\">\n<p style=\"text-align: justify;\">Jeune dahu l\u00e9vogyre<br \/>\n(La Tournette en 1910)<\/p>\n<p style=\"text-align: justify;\">\n<p style=\"text-align: justify;\">Dahu descendus frontalis<br \/>\n(La Pointe Perc\u00e9e en 1895)<\/p>\n<p style=\"text-align: justify;\"><strong>O\u00f9 trouver des dahus? <\/strong><br \/>\nLes dahus sont encore visibles dans les Alpes \u00e0 des altitudes comprises entre 1800 et 2500m.<br \/>\n30% des dahus fran\u00e7ais sont r\u00e9partis entre le massif de la Tournette et le col de la Colombi\u00e8re. H\u00e9las avec le r\u00e9chauffement de la plan\u00e8te, le retour du loup dans les Aravis et leur non m\u00e9diatisation dans les journaux, les derniers dahus l\u00e9vogyres vont bient\u00f4t dispara\u00eetre.<\/p>\n<p style=\"text-align: justify;\"><strong>Comment les chasser? <\/strong><br \/>\nRien de plus simple que de chasser le dahut : il suffit de placer du sel sur se queue ou de siffler. L&rsquo;animal va se retourner, ses pattes plus courtes vont se retrouver alors dans le vide et le dahu va rouler dans la pente.<br \/>\nAttention, d&rsquo;apr\u00e8s l&rsquo;article L. 415-3 du code rural, la chasse du dahu est punie de six mois d&#8217;emprisonnement et de 10 000 \u20ac d&rsquo;amende.<\/p>\n<p style=\"text-align: justify;\"><strong>La seule vid\u00e9o sur les dahus <\/strong><br \/>\nEn 1902, une \u00e9quipe de journalistes \u00e9quip\u00e9s de cam\u00e9ras et sont all\u00e9s \u00e0 la recherche de dahus dans les Aravis.<br \/>\nIl y a quelques ann\u00e9es, ces bandes ont \u00e9t\u00e9 retrouv\u00e9es en tr\u00e8s mauvais \u00e9tat mais une \u00e9quipe de Grenoble est arriv\u00e9e \u00e0 les restaurer. Merci \u00e0 Fr\u00e9d\u00e9rique GYURAN, Thibaut BERARD et Vincent GAUTIER pour la r\u00e9alisation de cette vid\u00e9o :<\/p>\n","protected":false},"excerpt":{"rendered":"<p>En reconstruction Cette page web n&rsquo;a pas \u00e9t\u00e9 con\u00e7ue pour promouvoir la chasse du dahu mais juste pour contredire ceux qui nient encore leur existence. Qu&rsquo;est ce qu&rsquo;un dahu? Le dahu est un mammif\u00e8re angul\u00e9 artiodactyle ruminant proche du lama et du bouquetin. On le reconnait facilement gr\u00e2ce \u00e0 ses deux pattes plus courtes d&rsquo;un [&hellip;]<\/p>\n","protected":false},"author":2,"featured_media":0,"parent":880,"menu_order":1,"comment_status":"closed","ping_status":"closed","template":"","meta":{"footnotes":""},"class_list":["post-491","page","type-page","status-publish","hentry"],"_links":{"self":[{"href":"http:\/\/www.envoiedugros.fr\/wordpress\/wp-json\/wp\/v2\/pages\/491","targetHints":{"allow":["GET"]}}],"collection":[{"href":"http:\/\/www.envoiedugros.fr\/wordpress\/wp-json\/wp\/v2\/pages"}],"about":[{"href":"http:\/\/www.envoiedugros.fr\/wordpress\/wp-json\/wp\/v2\/types\/page"}],"author":[{"embeddable":true,"href":"http:\/\/www.envoiedugros.fr\/wordpress\/wp-json\/wp\/v2\/users\/2"}],"replies":[{"embeddable":true,"href":"http:\/\/www.envoiedugros.fr\/wordpress\/wp-json\/wp\/v2\/comments?post=491"}],"version-history":[{"count":0,"href":"http:\/\/www.envoiedugros.fr\/wordpress\/wp-json\/wp\/v2\/pages\/491\/revisions"}],"up":[{"embeddable":true,"href":"http:\/\/www.envoiedugros.fr\/wordpress\/wp-json\/wp\/v2\/pages\/880"}],"wp:attachment":[{"href":"http:\/\/www.envoiedugros.fr\/wordpress\/wp-json\/wp\/v2\/media?parent=491"}],"curies":[{"name":"wp","href":"https:\/\/api.w.org\/{rel}","templated":true}]}}