{"id":452,"date":"2010-05-06T13:29:55","date_gmt":"2010-05-06T11:29:55","guid":{"rendered":"http:\/\/www.envoiedugros.fr\/wordpress\/?page_id=452"},"modified":"2013-03-29T16:12:16","modified_gmt":"2013-03-29T14:12:16","slug":"paret-de-manigod","status":"publish","type":"page","link":"http:\/\/www.envoiedugros.fr\/wordpress\/traditions\/paret-de-manigod","title":{"rendered":"Le paret de Manigod"},"content":{"rendered":"<p style=\"text-align: justify;\"><a title=\"paret de manigod\" href=\"http:\/\/www.envoiedugros.fr\/wordpress\/wp-content\/uploads\/2010\/05\/paret_branzin.jpg\"><img loading=\"lazy\" decoding=\"async\" class=\"size-full wp-image-1172    alignright\" style=\"border: 0pt none; margin: 10px;\" title=\"paret de manigod\" alt=\"\" src=\"http:\/\/www.envoiedugros.fr\/wordpress\/wp-content\/uploads\/2010\/05\/paret_branzin.jpg\" width=\"221\" height=\"198\" \/><\/a><strong>Mais qu&rsquo;est ce qu&rsquo;un paret de Manigod ? <\/strong><br \/>\nLe paret est une petite luge en bois, \u00e0 un seul patin, \u00e9quip\u00e9e d&rsquo;une planchette permettant de s&rsquo;asseoir avec un pied de chaque c\u00f4t\u00e9 du lugeon.<\/p>\n<p>Jusque dans l\u2019ann\u00e9e 60, ce moyen de locomotion \u00e9tait utilis\u00e9 par les enfants de Manigod pour aller \u00e0 l&rsquo;\u00e9cole. C&rsquo;est s\u00fbr qu&rsquo;on ne les emmenait pas en 4&#215;4 Porsche. Mais cela va bient\u00f4t revenir \u00e0 la mode vu la hausse du p\u00e9trole. Et faut bien faire du sport quand on est \u00e9lev\u00e9 aux diots et reblochons !<\/p>\n<p style=\"text-align: justify;\"><a href=\"http:\/\/www.envoiedugros.fr\/wordpress\/wp-content\/uploads\/2010\/05\/logo-paret.png\"><img loading=\"lazy\" decoding=\"async\" class=\"alignright size-full wp-image-1171\" style=\"border: 0pt none; margin: 10px;\" title=\"logo-paret\" alt=\"\" src=\"http:\/\/www.envoiedugros.fr\/wordpress\/wp-content\/uploads\/2010\/05\/logo-paret.png\" width=\"219\" height=\"183\" \/><\/a><strong>Le championnat de France et des environs : <\/strong><br \/>\nAujourd&rsquo;hui, un championnat de France a lieu chaque ann\u00e9e \u00e0 Manigod et r\u00e9unit environ 120 participants.<br \/>\nLe championnat se d\u00e9roule en 6 \u00e9preuves nocturnes (d\u00e8s 20H) sur les pistes de la Croix-Fry ou de l&rsquo;Etale. Elles ont lieu les vendredi soir durant l&rsquo;hiver.<\/p>\n<p style=\"text-align: justify;\">La comp\u00e9tition est ouverte \u00e0 5 cat\u00e9gories :<br \/>\n&#8211; jeunes de 9 \u00e0 12 ans<br \/>\n&#8211; gar\u00e7ons de 12 \u00e0 17 ans<br \/>\n&#8211; cat\u00e9gorie f\u00e9minine suivant les inscriptions<br \/>\n&#8211; hommes de 17 \u00e0 40 ans<br \/>\n&#8211; v\u00e9t\u00e9rans 40 ans et plus<br \/>\nChaque concurrent diot \u00eatre en possession d&rsquo;un paret conforme : en bois, \u00e0 manche vertical et d&rsquo;un lugeon rev\u00eatu d&rsquo;une semelle m\u00e9tallique de 4cm de largeur maximum.<\/p>\n<p style=\"text-align: justify;\">Chaque \u00e9preuve se d\u00e9roule en 2 manches d&rsquo;un slalom chronom\u00e9tr\u00e9. Le temps cumul\u00e9 des 2 manches permet d&rsquo;\u00e9tablir le classement de l&rsquo;\u00e9preuve en points.<\/p>\n<p style=\"text-align: justify;\">Pour lutter contre le froid, du vin chaud est servi gratuitement aux concurrents et spectateurs. Pr\u00e8s de 100 litres sont \u00e9coul\u00e9s \u00e0 chaque comp\u00e9tition.<\/p>\n<p style=\"text-align: justify;\"><strong>Fabrication des parets :<\/strong><br \/>\nLa fabrication des parets reste tr\u00e8s artisanale et de nombreux param\u00e8tres rentrent en compte : la hauteur et l&rsquo;inclinaison du si\u00e8ge, la hauteur du manche et la longueur du lugeon (plus il est court, plus il est maniable mais moins il est stable).<\/p>\n<p style=\"text-align: justify;\">Les plus beaux parets de Manigod sont ceux de Ren\u00e9 Fillon. Il les fabrique comme dans le temps avec trois essences de bois : de l&rsquo;\u00e9pic\u00e9a, du ch\u00eane et du fr\u00eane pour le lugeon. Il choisit les fr\u00eanes qui sont tordus \u00e0 la base \u00e0 cause du poids de la neige durant leur croissance. Ainsi les veines du bois suivent la forme du lugeon et celui ci devient plus solide. Pour mieux glisser une plaque de fer est viss\u00e9e sous le patin.<\/p>\n<div id=\"attachment_1173\" style=\"width: 410px\" class=\"wp-caption aligncenter\"><a href=\"http:\/\/www.envoiedugros.fr\/wordpress\/wp-content\/uploads\/2010\/05\/Rene-fillon.jpg\"><img loading=\"lazy\" decoding=\"async\" aria-describedby=\"caption-attachment-1173\" class=\"size-full wp-image-1173\" title=\"Rene fillon\" alt=\"\" src=\"http:\/\/www.envoiedugros.fr\/wordpress\/wp-content\/uploads\/2010\/05\/Rene-fillon.jpg\" width=\"400\" height=\"300\" srcset=\"http:\/\/www.envoiedugros.fr\/wordpress\/wp-content\/uploads\/2010\/05\/Rene-fillon.jpg 400w, http:\/\/www.envoiedugros.fr\/wordpress\/wp-content\/uploads\/2010\/05\/Rene-fillon-300x225.jpg 300w\" sizes=\"auto, (max-width: 400px) 100vw, 400px\" \/><\/a><p id=\"caption-attachment-1173\" class=\"wp-caption-text\">Ren\u00e9 Fillion-Robin dit \u00ab\u00a0Ren\u00e9 \u00e0 Marius\u00a0\u00bb\u00a0 dans son atelier<\/p><\/div>\n","protected":false},"excerpt":{"rendered":"<p>Mais qu&rsquo;est ce qu&rsquo;un paret de Manigod ? Le paret est une petite luge en bois, \u00e0 un seul patin, \u00e9quip\u00e9e d&rsquo;une planchette permettant de s&rsquo;asseoir avec un pied de chaque c\u00f4t\u00e9 du lugeon. Jusque dans l\u2019ann\u00e9e 60, ce moyen de locomotion \u00e9tait utilis\u00e9 par les enfants de Manigod pour aller \u00e0 l&rsquo;\u00e9cole. C&rsquo;est s\u00fbr [&hellip;]<\/p>\n","protected":false},"author":2,"featured_media":0,"parent":880,"menu_order":3,"comment_status":"closed","ping_status":"closed","template":"","meta":{"footnotes":""},"class_list":["post-452","page","type-page","status-publish","hentry"],"_links":{"self":[{"href":"http:\/\/www.envoiedugros.fr\/wordpress\/wp-json\/wp\/v2\/pages\/452","targetHints":{"allow":["GET"]}}],"collection":[{"href":"http:\/\/www.envoiedugros.fr\/wordpress\/wp-json\/wp\/v2\/pages"}],"about":[{"href":"http:\/\/www.envoiedugros.fr\/wordpress\/wp-json\/wp\/v2\/types\/page"}],"author":[{"embeddable":true,"href":"http:\/\/www.envoiedugros.fr\/wordpress\/wp-json\/wp\/v2\/users\/2"}],"replies":[{"embeddable":true,"href":"http:\/\/www.envoiedugros.fr\/wordpress\/wp-json\/wp\/v2\/comments?post=452"}],"version-history":[{"count":1,"href":"http:\/\/www.envoiedugros.fr\/wordpress\/wp-json\/wp\/v2\/pages\/452\/revisions"}],"predecessor-version":[{"id":3088,"href":"http:\/\/www.envoiedugros.fr\/wordpress\/wp-json\/wp\/v2\/pages\/452\/revisions\/3088"}],"up":[{"embeddable":true,"href":"http:\/\/www.envoiedugros.fr\/wordpress\/wp-json\/wp\/v2\/pages\/880"}],"wp:attachment":[{"href":"http:\/\/www.envoiedugros.fr\/wordpress\/wp-json\/wp\/v2\/media?parent=452"}],"curies":[{"name":"wp","href":"https:\/\/api.w.org\/{rel}","templated":true}]}}