{"id":3893,"date":"2017-12-17T20:32:14","date_gmt":"2017-12-17T18:32:14","guid":{"rendered":"http:\/\/www.envoiedugros.fr\/wordpress\/?page_id=3893"},"modified":"2017-12-17T20:40:47","modified_gmt":"2017-12-17T18:40:47","slug":"etiquettes-perrier-gnole","status":"publish","type":"page","link":"http:\/\/www.envoiedugros.fr\/wordpress\/media\/etiquettes-perrier-gnole","title":{"rendered":"Etiquettes pour bouteille de gn\u00f4le"},"content":{"rendered":"<p style=\"text-align: justify;\"><img loading=\"lazy\" decoding=\"async\" class=\"alignright wp-image-3895\" src=\"http:\/\/www.envoiedugros.fr\/wordpress\/wp-content\/uploads\/perrier-gnole-112x350.png\" alt=\"\" width=\"80\" height=\"250\" srcset=\"http:\/\/www.envoiedugros.fr\/wordpress\/wp-content\/uploads\/perrier-gnole-112x350.png 112w, http:\/\/www.envoiedugros.fr\/wordpress\/wp-content\/uploads\/perrier-gnole.png 215w\" sizes=\"auto, (max-width: 80px) 100vw, 80px\" \/>Chez nous on n&rsquo;aime pas \u00ab\u00a0la gn\u00f4le avec des grandes \u00e9tiquettes\u00a0\u00bb comme disait Jean Roullet. Et c&rsquo;est presque devenu une tradition de mettre le pr\u00e9cieux liquide dans des bouteilles de Perrier en verre.<\/p>\n<p style=\"text-align: justify;\">Mais malgr\u00e9 l&rsquo;exp\u00e9rience, il peut nous nous arriver de se tromper de gn\u00f4le, voir m\u00eame servir un grand verre de mirabelle \u00e0 son petit filleul en croyant que c&rsquo;\u00e9tait de l&rsquo;eau gazeuse. Pour \u00e9viter cet incident, voici les \u00e9tiquettes \u00e0 t\u00e9l\u00e9charger au format PDF, pr\u00eates \u00e0 \u00eatre imprim\u00e9es \u00e0 la bonne taille ! Il vous suffit de cliquer sur l&rsquo;image pour ouvrir le fichier pdf, puis de lancer l&rsquo;impression.<\/p>\n<p style=\"text-align: justify;\"><a href=\"http:\/\/www.envoiedugros.fr\/pdf\/gnole\/44.pdf\" target=\"_blank\" rel=\"noopener noreferrer\"><img loading=\"lazy\" decoding=\"async\" src=\"http:\/\/www.envoiedugros.fr\/images\/gnole\/44.png\" alt=\"\" width=\"300\" height=\"138\" \/><\/a><a href=\"http:\/\/www.envoiedugros.fr\/pdf\/gnole\/abricot.pdf\" target=\"_blank\" rel=\"noopener noreferrer\"><img loading=\"lazy\" decoding=\"async\" src=\"http:\/\/www.envoiedugros.fr\/images\/gnole\/abricot.png\" alt=\"\" width=\"300\" height=\"138\" \/><\/a><\/p>\n<p><a href=\"http:\/\/www.envoiedugros.fr\/pdf\/gnole\/arquebuse.pdf\" target=\"_blank\" rel=\"noopener noreferrer\"><img loading=\"lazy\" decoding=\"async\" src=\"http:\/\/www.envoiedugros.fr\/images\/gnole\/arquebuse.png\" alt=\"\" width=\"300\" height=\"138\" \/><\/a><a href=\"http:\/\/www.envoiedugros.fr\/pdf\/gnole\/cerise.pdf\" target=\"_blank\" rel=\"noopener noreferrer\"><img loading=\"lazy\" decoding=\"async\" src=\"http:\/\/www.envoiedugros.fr\/images\/gnole\/cerise.png\" alt=\"\" width=\"300\" height=\"138\" \/><\/a><\/p>\n<p>&nbsp;<\/p>\n<p><a href=\"http:\/\/www.envoiedugros.fr\/pdf\/gnole\/chartreuse.pdf\" target=\"_blank\" rel=\"noopener noreferrer\"><img loading=\"lazy\" decoding=\"async\" src=\"http:\/\/www.envoiedugros.fr\/images\/gnole\/chartreuse.png\" alt=\"\" width=\"300\" height=\"138\" \/><\/a><a href=\"http:\/\/www.envoiedugros.fr\/pdf\/gnole\/coing.pdf\" target=\"_blank\" rel=\"noopener noreferrer\"><img loading=\"lazy\" decoding=\"async\" src=\"http:\/\/www.envoiedugros.fr\/images\/gnole\/coing.png\" alt=\"\" width=\"300\" height=\"138\" \/><\/a><\/p>\n<p>&nbsp;<\/p>\n<p><a href=\"http:\/\/www.envoiedugros.fr\/pdf\/gnole\/framboise.pdf\" target=\"_blank\" rel=\"noopener noreferrer\"><img loading=\"lazy\" decoding=\"async\" src=\"http:\/\/www.envoiedugros.fr\/images\/gnole\/framboise.png\" alt=\"\" width=\"300\" height=\"138\" \/><\/a><a href=\"http:\/\/www.envoiedugros.fr\/pdf\/gnole\/genepi.pdf\" target=\"_blank\" rel=\"noopener noreferrer\"><img loading=\"lazy\" decoding=\"async\" src=\"http:\/\/www.envoiedugros.fr\/images\/gnole\/genepi.png\" alt=\"\" width=\"300\" height=\"138\" \/><\/a><\/p>\n<p>&nbsp;<\/p>\n<p><a href=\"http:\/\/www.envoiedugros.fr\/pdf\/gnole\/gentiane.pdf\" target=\"_blank\" rel=\"noopener noreferrer\"><img loading=\"lazy\" decoding=\"async\" src=\"http:\/\/www.envoiedugros.fr\/images\/gnole\/gentiane.png\" alt=\"\" width=\"300\" height=\"138\" \/><\/a><a href=\"http:\/\/www.envoiedugros.fr\/pdf\/gnole\/groseille.pdf\" target=\"_blank\" rel=\"noopener noreferrer\"><img loading=\"lazy\" decoding=\"async\" src=\"http:\/\/www.envoiedugros.fr\/images\/gnole\/groseille.png\" alt=\"\" width=\"300\" height=\"138\" \/><\/a><\/p>\n<p>&nbsp;<\/p>\n<p><a href=\"http:\/\/www.envoiedugros.fr\/pdf\/gnole\/hysope.pdf\" target=\"_blank\" rel=\"noopener noreferrer\"><img loading=\"lazy\" decoding=\"async\" src=\"http:\/\/www.envoiedugros.fr\/images\/gnole\/hysope.png\" alt=\"\" width=\"300\" height=\"138\" \/><\/a><a href=\"http:\/\/www.envoiedugros.fr\/pdf\/gnole\/kirsch.pdf\" target=\"_blank\" rel=\"noopener noreferrer\"><img loading=\"lazy\" decoding=\"async\" src=\"http:\/\/www.envoiedugros.fr\/images\/gnole\/kirsch.png\" alt=\"\" width=\"300\" height=\"138\" \/><\/a><\/p>\n<p>&nbsp;<\/p>\n<p><a href=\"http:\/\/www.envoiedugros.fr\/pdf\/gnole\/marc-de-raisin.pdf\" target=\"_blank\" rel=\"noopener noreferrer\"><img loading=\"lazy\" decoding=\"async\" src=\"http:\/\/www.envoiedugros.fr\/images\/gnole\/marc-de-raisin.png\" alt=\"\" width=\"300\" height=\"138\" \/><\/a><a href=\"http:\/\/www.envoiedugros.fr\/pdf\/gnole\/mirabelle.pdf\" target=\"_blank\" rel=\"noopener noreferrer\"><img loading=\"lazy\" decoding=\"async\" src=\"http:\/\/www.envoiedugros.fr\/images\/gnole\/mirabelle.png\" alt=\"\" width=\"300\" height=\"138\" \/><\/a><\/p>\n<p>&nbsp;<\/p>\n<p><a href=\"http:\/\/www.envoiedugros.fr\/pdf\/gnole\/pissenlit.pdf\" target=\"_blank\" rel=\"noopener noreferrer\"><img loading=\"lazy\" decoding=\"async\" src=\"http:\/\/www.envoiedugros.fr\/images\/gnole\/pissenlit.png\" alt=\"\" width=\"300\" height=\"138\" \/><\/a><a href=\"http:\/\/www.envoiedugros.fr\/pdf\/gnole\/poire.pdf\" target=\"_blank\" rel=\"noopener noreferrer\"><img loading=\"lazy\" decoding=\"async\" src=\"http:\/\/www.envoiedugros.fr\/images\/gnole\/poire.png\" alt=\"\" width=\"300\" height=\"138\" \/><\/a><\/p>\n<p>&nbsp;<\/p>\n<p><a href=\"http:\/\/www.envoiedugros.fr\/pdf\/gnole\/pomme.pdf\" target=\"_blank\" rel=\"noopener noreferrer\"><img loading=\"lazy\" decoding=\"async\" src=\"http:\/\/www.envoiedugros.fr\/images\/gnole\/pomme.png\" alt=\"\" width=\"300\" height=\"138\" \/><\/a><a href=\"http:\/\/www.envoiedugros.fr\/pdf\/gnole\/prune.pdf\" target=\"_blank\" rel=\"noopener noreferrer\"><img loading=\"lazy\" decoding=\"async\" src=\"http:\/\/www.envoiedugros.fr\/images\/gnole\/prune.png\" alt=\"\" width=\"300\" height=\"138\" \/><\/a><\/p>\n<p>&nbsp;<\/p>\n<p><a href=\"http:\/\/www.envoiedugros.fr\/pdf\/gnole\/quetsche.pdf\" target=\"_blank\" rel=\"noopener noreferrer\"><img loading=\"lazy\" decoding=\"async\" src=\"http:\/\/www.envoiedugros.fr\/images\/gnole\/quetsche.png\" alt=\"\" width=\"300\" height=\"138\" \/><\/a><a href=\"http:\/\/www.envoiedugros.fr\/pdf\/gnole\/sapinette.pdf\" target=\"_blank\" rel=\"noopener noreferrer\"><img loading=\"lazy\" decoding=\"async\" src=\"http:\/\/www.envoiedugros.fr\/images\/gnole\/sapinette.png\" alt=\"\" width=\"300\" height=\"138\" \/><\/a><\/p>\n<p><a href=\"http:\/\/www.envoiedugros.fr\/pdf\/gnole\/verveine.pdf\" target=\"_blank\" rel=\"noopener noreferrer\"><img loading=\"lazy\" decoding=\"async\" src=\"http:\/\/www.envoiedugros.fr\/images\/gnole\/verveine.png\" alt=\"\" width=\"300\" height=\"138\" \/><\/a><a href=\"http:\/\/www.envoiedugros.fr\/pdf\/gnole\/viperine.pdf\" target=\"_blank\" rel=\"noopener noreferrer\"><img loading=\"lazy\" decoding=\"async\" src=\"http:\/\/www.envoiedugros.fr\/images\/gnole\/viperine.png\" alt=\"\" width=\"300\" height=\"138\" \/><\/a><\/p>\n<p>&nbsp;<\/p>\n<p><a href=\"http:\/\/www.envoiedugros.fr\/pdf\/gnole\/vulneraire.pdf\" target=\"_blank\" rel=\"noopener noreferrer\"><img loading=\"lazy\" decoding=\"async\" src=\"http:\/\/www.envoiedugros.fr\/images\/gnole\/vulneraire.png\" alt=\"\" width=\"300\" height=\"138\" \/><\/a><\/p>\n<p>&nbsp;<\/p>\n","protected":false},"excerpt":{"rendered":"<p>Chez nous on n&rsquo;aime pas \u00ab\u00a0la gn\u00f4le avec des grandes \u00e9tiquettes\u00a0\u00bb comme disait Jean Roullet. Et c&rsquo;est presque devenu une tradition de mettre le pr\u00e9cieux liquide dans des bouteilles de Perrier en verre. Mais malgr\u00e9 l&rsquo;exp\u00e9rience, il peut nous nous arriver de se tromper de gn\u00f4le, voir m\u00eame servir un grand verre de mirabelle \u00e0 [&hellip;]<\/p>\n","protected":false},"author":2,"featured_media":0,"parent":545,"menu_order":0,"comment_status":"closed","ping_status":"closed","template":"","meta":{"footnotes":""},"class_list":["post-3893","page","type-page","status-publish","hentry"],"_links":{"self":[{"href":"http:\/\/www.envoiedugros.fr\/wordpress\/wp-json\/wp\/v2\/pages\/3893","targetHints":{"allow":["GET"]}}],"collection":[{"href":"http:\/\/www.envoiedugros.fr\/wordpress\/wp-json\/wp\/v2\/pages"}],"about":[{"href":"http:\/\/www.envoiedugros.fr\/wordpress\/wp-json\/wp\/v2\/types\/page"}],"author":[{"embeddable":true,"href":"http:\/\/www.envoiedugros.fr\/wordpress\/wp-json\/wp\/v2\/users\/2"}],"replies":[{"embeddable":true,"href":"http:\/\/www.envoiedugros.fr\/wordpress\/wp-json\/wp\/v2\/comments?post=3893"}],"version-history":[{"count":4,"href":"http:\/\/www.envoiedugros.fr\/wordpress\/wp-json\/wp\/v2\/pages\/3893\/revisions"}],"predecessor-version":[{"id":3898,"href":"http:\/\/www.envoiedugros.fr\/wordpress\/wp-json\/wp\/v2\/pages\/3893\/revisions\/3898"}],"up":[{"embeddable":true,"href":"http:\/\/www.envoiedugros.fr\/wordpress\/wp-json\/wp\/v2\/pages\/545"}],"wp:attachment":[{"href":"http:\/\/www.envoiedugros.fr\/wordpress\/wp-json\/wp\/v2\/media?parent=3893"}],"curies":[{"name":"wp","href":"https:\/\/api.w.org\/{rel}","templated":true}]}}