{"id":3857,"date":"2017-05-31T16:17:01","date_gmt":"2017-05-31T14:17:01","guid":{"rendered":"http:\/\/www.envoiedugros.fr\/wordpress\/?page_id=3857"},"modified":"2017-05-31T16:37:11","modified_gmt":"2017-05-31T14:37:11","slug":"roland-croutos-2017","status":"publish","type":"page","link":"http:\/\/www.envoiedugros.fr\/wordpress\/media\/roland-croutos-2017","title":{"rendered":"Roland Croutos 2017"},"content":{"rendered":"<p>En marge du Roland Garros, l&rsquo;association Envoie du Gros organise un tournoi international des fromages : le Roland Croutos !<\/p>\n<p>Le tournoi se d\u00e9roule sur <a href=\"https:\/\/www.facebook.com\/envoiedugros.fr\/\">notre page Facebook<\/a> \u00e0 partir du 4\u00e8me tour.<\/p>\n<p><img loading=\"lazy\" decoding=\"async\" class=\"aligncenter wp-image-3859\" src=\"http:\/\/www.envoiedugros.fr\/wordpress\/wp-content\/uploads\/8eme-1024x576.jpg\" alt=\"\" width=\"420\" height=\"236\" srcset=\"http:\/\/www.envoiedugros.fr\/wordpress\/wp-content\/uploads\/8eme-1024x576.jpg 1024w, http:\/\/www.envoiedugros.fr\/wordpress\/wp-content\/uploads\/8eme-350x197.jpg 350w, http:\/\/www.envoiedugros.fr\/wordpress\/wp-content\/uploads\/8eme-768x432.jpg 768w, http:\/\/www.envoiedugros.fr\/wordpress\/wp-content\/uploads\/8eme.jpg 1920w\" sizes=\"auto, (max-width: 420px) 100vw, 420px\" \/><\/p>\n<p>Lors de chaque match vous pourrez voter en utilisant la r\u00e9action Facebook<img loading=\"lazy\" decoding=\"async\" class=\"wp-image-3862 alignnone\" src=\"http:\/\/www.envoiedugros.fr\/wordpress\/wp-content\/uploads\/haha.png\" alt=\"\" width=\"30\" height=\"30\" \/> ou\u00a0<img loading=\"lazy\" decoding=\"async\" class=\"wp-image-3861 alignnone\" src=\"http:\/\/www.envoiedugros.fr\/wordpress\/wp-content\/uploads\/love.png\" alt=\"\" width=\"30\" height=\"30\" \/> qui correspond au\u00a0 fromage que vous pr\u00e9f\u00e9rez. Au fil des matchs des articles seront mis en ligne sur notre site et notre page Facebook.<\/p>\n<p style=\"text-align: center;\">Quel fromage remportera la meule d&rsquo;or en 2017 ?<\/p>\n<p>&nbsp;<\/p>\n","protected":false},"excerpt":{"rendered":"<p>En marge du Roland Garros, l&rsquo;association Envoie du Gros organise un tournoi international des fromages : le Roland Croutos ! Le tournoi se d\u00e9roule sur notre page Facebook \u00e0 partir du 4\u00e8me tour. Lors de chaque match vous pourrez voter en utilisant la r\u00e9action Facebook ou\u00a0 qui correspond au\u00a0 fromage que vous pr\u00e9f\u00e9rez. Au fil [&hellip;]<\/p>\n","protected":false},"author":2,"featured_media":0,"parent":545,"menu_order":0,"comment_status":"closed","ping_status":"closed","template":"","meta":{"footnotes":""},"class_list":["post-3857","page","type-page","status-publish","hentry"],"_links":{"self":[{"href":"http:\/\/www.envoiedugros.fr\/wordpress\/wp-json\/wp\/v2\/pages\/3857","targetHints":{"allow":["GET"]}}],"collection":[{"href":"http:\/\/www.envoiedugros.fr\/wordpress\/wp-json\/wp\/v2\/pages"}],"about":[{"href":"http:\/\/www.envoiedugros.fr\/wordpress\/wp-json\/wp\/v2\/types\/page"}],"author":[{"embeddable":true,"href":"http:\/\/www.envoiedugros.fr\/wordpress\/wp-json\/wp\/v2\/users\/2"}],"replies":[{"embeddable":true,"href":"http:\/\/www.envoiedugros.fr\/wordpress\/wp-json\/wp\/v2\/comments?post=3857"}],"version-history":[{"count":9,"href":"http:\/\/www.envoiedugros.fr\/wordpress\/wp-json\/wp\/v2\/pages\/3857\/revisions"}],"predecessor-version":[{"id":3870,"href":"http:\/\/www.envoiedugros.fr\/wordpress\/wp-json\/wp\/v2\/pages\/3857\/revisions\/3870"}],"up":[{"embeddable":true,"href":"http:\/\/www.envoiedugros.fr\/wordpress\/wp-json\/wp\/v2\/pages\/545"}],"wp:attachment":[{"href":"http:\/\/www.envoiedugros.fr\/wordpress\/wp-json\/wp\/v2\/media?parent=3857"}],"curies":[{"name":"wp","href":"https:\/\/api.w.org\/{rel}","templated":true}]}}