{"id":1015,"date":"2011-01-05T23:27:23","date_gmt":"2011-01-05T21:27:23","guid":{"rendered":"http:\/\/www.envoiedugros.fr\/wordpress"},"modified":"2019-12-07T09:39:14","modified_gmt":"2019-12-07T07:39:14","slug":"boutique","status":"publish","type":"page","link":"http:\/\/www.envoiedugros.fr\/wordpress\/boutique","title":{"rendered":"La boutique"},"content":{"rendered":"<p style=\"text-align: center;\"><strong>Patientez, le chargement de la page est longue.<br \/>\nLes commandes doivent \u00eatre effectu\u00e9es avant le 15 d\u00e9cembre pour les recevoir avant No\u00ebl.<br \/>\n<\/strong><\/p>\n<p style=\"text-align: center;\">&#8230;<\/p>\n<div id=\"my-store-220371\"><\/div>\n<div><script type=\"text\/javascript\" src=\"https:\/\/app.ecwid.com\/script.js?220371&#038;data_platform=code&#038;data_date=2017-06-09\" charset=\"utf-8\"><\/script><script type=\"text\/javascript\"> xProductBrowser(\"categoriesPerRow=3\",\"views=grid(20,3) list(60) table(60)\",\"categoryView=grid\",\"searchView=list\",\"id=my-store-220371\");<\/script><\/div>\n","protected":false},"excerpt":{"rendered":"<p>Patientez, le chargement de la page est longue. Les commandes doivent \u00eatre effectu\u00e9es avant le 15 d\u00e9cembre pour les recevoir avant No\u00ebl. &#8230;<\/p>\n","protected":false},"author":2,"featured_media":0,"parent":0,"menu_order":4,"comment_status":"closed","ping_status":"closed","template":"","meta":{"footnotes":""},"class_list":["post-1015","page","type-page","status-publish","hentry"],"_links":{"self":[{"href":"http:\/\/www.envoiedugros.fr\/wordpress\/wp-json\/wp\/v2\/pages\/1015","targetHints":{"allow":["GET"]}}],"collection":[{"href":"http:\/\/www.envoiedugros.fr\/wordpress\/wp-json\/wp\/v2\/pages"}],"about":[{"href":"http:\/\/www.envoiedugros.fr\/wordpress\/wp-json\/wp\/v2\/types\/page"}],"author":[{"embeddable":true,"href":"http:\/\/www.envoiedugros.fr\/wordpress\/wp-json\/wp\/v2\/users\/2"}],"replies":[{"embeddable":true,"href":"http:\/\/www.envoiedugros.fr\/wordpress\/wp-json\/wp\/v2\/comments?post=1015"}],"version-history":[{"count":46,"href":"http:\/\/www.envoiedugros.fr\/wordpress\/wp-json\/wp\/v2\/pages\/1015\/revisions"}],"predecessor-version":[{"id":3927,"href":"http:\/\/www.envoiedugros.fr\/wordpress\/wp-json\/wp\/v2\/pages\/1015\/revisions\/3927"}],"wp:attachment":[{"href":"http:\/\/www.envoiedugros.fr\/wordpress\/wp-json\/wp\/v2\/media?parent=1015"}],"curies":[{"name":"wp","href":"https:\/\/api.w.org\/{rel}","templated":true}]}}